
{"id":88822,"date":"2024-07-03T01:57:51","date_gmt":"2024-07-03T07:57:51","guid":{"rendered":"https:\/\/innoceanmexico.com\/?page_id=88822"},"modified":"2024-07-03T07:19:08","modified_gmt":"2024-07-03T13:19:08","slug":"smartsense","status":"publish","type":"page","link":"https:\/\/innoceanmexico.com\/index.php\/smartsense\/","title":{"rendered":"SMARTSENSE"},"content":{"rendered":"\n    <div class=\"space\"><\/div>\n    <div class=\"interior-website margin-top\"><\/div>\n    <div class=\"interior-website no-stick\">\n      <div class=\"work-content\">\n        <div class=\"work-videos\">\n          <div class=\"work-header\">\n            <div class=\"eyebrow\">\n              <h2 class=\"work---case-study---eyebrow\">\n                HYUNDAI\n              <\/h2>\n              <div class=\"eyebrow-rule\"><\/div>\n            <\/div>\n            <div class=\"interior-header-copy\">\n              <div class=\"div-block-20\">\n                <div class=\"w-layout-grid work-page-grid\">\n                  <div class=\"div-block-21\">\n                    <h2 class=\"work---case-study---heading\">\n                      SMARTSENSE\n                    <\/h2>\n                  <\/div>\n                  <div class=\"work-page-column\">\n                    <p class=\"work-column-paragraph\">\n                      Hyundai SmartSense es nuestro sistema de tecnolog\u00edas en pro de la seguridad del conductor y sus acompa\u00f1antes. En esta campa\u00f1a, los autom\u00f3viles Hyundai se convierten en sentidos adicionales para el conductor, aunque su mente y atenci\u00f3n est\u00e9n en otro lugar.\n                    <\/p>\n                  <\/div>\n                <\/div>\n              <\/div>\n            <\/div>\n          <\/div>\n          <div class=\"w-richtext\">\n            <figure\n            style=\"max-width: 7063px\"\n            class=\"w-richtext-align-fullwidth w-richtext-figure-type-image\"\n          >\n            <div>\n              <img\n                src=\"https:\/\/innoceanmexico.com\/wp-content\/uploads\/2024\/07\/Hyundai_SmartSense_1920X1080.jpg\"\n                loading=\"lazy\"\n                alt=\"\"\n              \/>\n            <\/div>\n          <\/figure>\n          <\/div>\n          <div class=\"work-page-container\">\n            <div class=\"w-layout-grid work-page-grid\">\n              <div class=\"empty-div\"><\/div>\n            <\/div>\n          <\/div>\n        <\/div>\n      <\/div>\n    <\/div>\n","protected":false},"excerpt":{"rendered":"<p>HYUNDAI SMARTSENSE Hyundai SmartSense es nuestro sistema de tecnolog\u00edas en pro de la seguridad del conductor y sus acompa\u00f1antes. En esta campa\u00f1a, los autom\u00f3viles Hyundai se convierten en sentidos adicionales para el conductor, aunque su mente y atenci\u00f3n est\u00e9n en otro lugar.<\/p>\n","protected":false},"author":1,"featured_media":0,"parent":0,"menu_order":0,"comment_status":"closed","ping_status":"closed","template":"template-empty.php","meta":[],"_links":{"self":[{"href":"https:\/\/innoceanmexico.com\/index.php\/wp-json\/wp\/v2\/pages\/88822"}],"collection":[{"href":"https:\/\/innoceanmexico.com\/index.php\/wp-json\/wp\/v2\/pages"}],"about":[{"href":"https:\/\/innoceanmexico.com\/index.php\/wp-json\/wp\/v2\/types\/page"}],"author":[{"embeddable":true,"href":"https:\/\/innoceanmexico.com\/index.php\/wp-json\/wp\/v2\/users\/1"}],"replies":[{"embeddable":true,"href":"https:\/\/innoceanmexico.com\/index.php\/wp-json\/wp\/v2\/comments?post=88822"}],"version-history":[{"count":2,"href":"https:\/\/innoceanmexico.com\/index.php\/wp-json\/wp\/v2\/pages\/88822\/revisions"}],"predecessor-version":[{"id":88844,"href":"https:\/\/innoceanmexico.com\/index.php\/wp-json\/wp\/v2\/pages\/88822\/revisions\/88844"}],"wp:attachment":[{"href":"https:\/\/innoceanmexico.com\/index.php\/wp-json\/wp\/v2\/media?parent=88822"}],"curies":[{"name":"wp","href":"https:\/\/api.w.org\/{rel}","templated":true}]}}